{"id":611,"date":"2023-07-31T13:05:14","date_gmt":"2023-07-31T11:05:14","guid":{"rendered":"https:\/\/rematech.hu\/minosegbiztositas\/"},"modified":"2024-02-06T15:52:43","modified_gmt":"2024-02-06T14:52:43","slug":"qualitatskontrolle","status":"publish","type":"page","link":"https:\/\/rematech.hu\/de\/qualitatskontrolle\/","title":{"rendered":"Qualit\u00e4tskontrolle"},"content":{"rendered":"<p>[et_pb_section fb_built=&#8220;1&#8243; _builder_version=&#8220;4.19.4&#8243; _module_preset=&#8220;default&#8220; custom_padding=&#8220;0px||||false|false&#8220; global_colors_info=&#8220;{}&#8220;][et_pb_row custom_padding_last_edited=&#8220;on|phone&#8220; _builder_version=&#8220;4.19.4&#8243; _module_preset=&#8220;default&#8220; use_background_color_gradient=&#8220;on&#8220; background_color_gradient_stops=&#8220;rgba(85,85,85,0.3) 0%|rgba(85,85,85,0.3) 99%&#8220; background_color_gradient_overlays_image=&#8220;on&#8220; background_image=&#8220;http:\/\/rematech.hu\/wp-content\/uploads\/2023\/07\/szerelt_egysegek.jpg&#8220; custom_margin=&#8220;||||false|false&#8220; custom_padding=&#8220;15vh||15vh||true|false&#8220; custom_padding_tablet=&#8220;12vh||12vh||true|false&#8220; custom_padding_phone=&#8220;10vh||10vh||true|false&#8220; global_colors_info=&#8220;{}&#8220; custom_padding__hover_enabled=&#8220;off|desktop&#8220;][et_pb_column type=&#8220;4_4&#8243; _builder_version=&#8220;4.19.4&#8243; _module_preset=&#8220;default&#8220; global_colors_info=&#8220;{}&#8220;][et_pb_text _builder_version=&#8220;4.19.4&#8243; _module_preset=&#8220;default&#8220; header_font=&#8220;Inter|300||on|||||&#8220; header_text_align=&#8220;center&#8220; header_text_color=&#8220;#FFFFFF&#8220; header_font_size=&#8220;60px&#8220; header_font_size_tablet=&#8220;54px&#8220; header_font_size_phone=&#8220;36px&#8220; header_font_size_last_edited=&#8220;on|phone&#8220; header_text_shadow_style=&#8220;preset3&#8243; header_text_shadow_color=&#8220;rgba(0,0,0,0.2)&#8220; global_colors_info=&#8220;{}&#8220;]<\/p>\n<h1>Qualit\u00e4tskontrolle<\/h1>\n<p>[\/et_pb_text][\/et_pb_column][\/et_pb_row][et_pb_row _builder_version=&#8220;4.19.4&#8243; _module_preset=&#8220;default&#8220; max_width=&#8220;769px&#8220; global_colors_info=&#8220;{}&#8220;][et_pb_column type=&#8220;4_4&#8243; _builder_version=&#8220;4.19.4&#8243; _module_preset=&#8220;default&#8220; global_colors_info=&#8220;{}&#8220;][et_pb_text _builder_version=&#8220;4.19.4&#8243; _module_preset=&#8220;default&#8220; hover_enabled=&#8220;0&#8243; global_colors_info=&#8220;{}&#8220; sticky_enabled=&#8220;0&#8243;]<\/p>\n<p><span>Unsere Mitarbeiter sind echte<\/span><strong> Profis<\/strong><span> auf ihrem Gebiet mit langj\u00e4hriger Erfahrung und Maschinenkenntnissen und tragen daher pers\u00f6nlich die Verantwortung f\u00fcr die Qualit\u00e4t der von ihnen hergestellten Produkte Herstellung. <\/span><\/p>\n<p><span>Mess- und Probenahmeverfahren sind bei REMATECH gem\u00e4\u00df den <\/span><strong>Vorschriften <\/strong><span> standardisiert. Alle Messvorg\u00e4nge werden in den Pr\u00fcfberichten festgehalten. Dar\u00fcber hinaus k\u00f6nnen wir je nach den besonderen Bed\u00fcrfnissen unserer Kunden auch einzigartige Messverfahren anwenden. <\/span><\/p>\n<p>Um kompliziertere Messungen durchzuf\u00fchren, die eine hohe Pr\u00e4zision erfordern, verf\u00fcgt unsere Qualit\u00e4tskontrollabteilung auch \u00fcber ein <strong>TESA 3D<\/strong> Koordinatenmessger\u00e4t. Sowohl die Eigent\u00fcmer als auch die Mitarbeiter sind der Qualit\u00e4t verpflichtet, daher ist unser Qualit\u00e4ts- und Umweltmanagementsystem <strong>ISO9001:2015<\/strong> und <strong>ISO14001:2015<\/strong>. Wir haben es nach Standards gebaut und 2014 wurden wir erfolgreich von e.com-CERT Rendszertan\u00fas\u00edt\u00f3 Kft. zertifiziert.<\/p>\n<p>[\/et_pb_text][\/et_pb_column][\/et_pb_row][et_pb_row _builder_version=&#8220;4.19.4&#8243; _module_preset=&#8220;default&#8220; global_colors_info=&#8220;{}&#8220;][et_pb_column type=&#8220;4_4&#8243; _builder_version=&#8220;4.19.4&#8243; _module_preset=&#8220;default&#8220; global_colors_info=&#8220;{}&#8220;][et_pb_text _builder_version=&#8220;4.19.4&#8243; _module_preset=&#8220;default&#8220; header_2_font=&#8220;Inter|300||on|||||&#8220; header_2_text_align=&#8220;center&#8220; header_2_text_color=&#8220;gcid-10430d8d-c126-42ec-83bd-1556bd88e98f&#8220; header_2_font_size=&#8220;30px&#8220; header_2_font_size_tablet=&#8220;28px&#8220; header_2_font_size_phone=&#8220;18px&#8220; header_2_font_size_last_edited=&#8220;on|phone&#8220; global_colors_info=&#8220;{%22gcid-10430d8d-c126-42ec-83bd-1556bd88e98f%22:%91%22header_2_text_color%22%93}&#8220;]<\/p>\n<h2>Unsere herunterladbaren Zertifikate<\/h2>\n<p>[\/et_pb_text][\/et_pb_column][\/et_pb_row][et_pb_row column_structure=&#8220;1_2,1_2&#8243; _builder_version=&#8220;4.19.4&#8243; _module_preset=&#8220;default&#8220; max_width=&#8220;769px&#8220; global_colors_info=&#8220;{}&#8220;][et_pb_column type=&#8220;1_2&#8243; _builder_version=&#8220;4.19.4&#8243; _module_preset=&#8220;default&#8220; global_colors_info=&#8220;{}&#8220;][et_pb_image src=&#8220;http:\/\/rematech.hu\/wp-content\/uploads\/2024\/02\/iso-logo-9001.jpg&#8220; alt=&#8220;ISO 14001:2004&#8243; title_text=&#8220;iso-logo-9001&#8243; url=&#8220;http:\/\/rematech.hu\/wp-content\/uploads\/2024\/02\/rematech-iso-9001-2015-iso-14001-2015-en.pdf&#8220; url_new_window=&#8220;on&#8220; _builder_version=&#8220;4.19.4&#8243; _module_preset=&#8220;default&#8220; max_width=&#8220;200px&#8220; module_alignment=&#8220;center&#8220; global_colors_info=&#8220;{}&#8220;][\/et_pb_image][\/et_pb_column][et_pb_column type=&#8220;1_2&#8243; _builder_version=&#8220;4.19.4&#8243; _module_preset=&#8220;default&#8220; global_colors_info=&#8220;{}&#8220;][et_pb_image src=&#8220;http:\/\/rematech.hu\/wp-content\/uploads\/2024\/02\/iso-logo-14001.jpg&#8220; alt=&#8220;ISO 9001:2008&#8243; title_text=&#8220;iso-logo-14001&#8243; url=&#8220;http:\/\/rematech.hu\/wp-content\/uploads\/2024\/02\/rematech-iso-9001-2015-iso-14001-2015-en.pdf&#8220; url_new_window=&#8220;on&#8220; _builder_version=&#8220;4.19.4&#8243; _module_preset=&#8220;default&#8220; max_width=&#8220;200px&#8220; module_alignment=&#8220;center&#8220; global_colors_info=&#8220;{}&#8220;][\/et_pb_image][\/et_pb_column][\/et_pb_row][\/et_pb_section]<\/p>\n","protected":false},"excerpt":{"rendered":"<p>Qualit\u00e4tskontrolleUnsere Mitarbeiter sind echte Profis auf ihrem Gebiet mit langj\u00e4hriger Erfahrung und Maschinenkenntnissen und tragen daher pers\u00f6nlich die Verantwortung f\u00fcr die Qualit\u00e4t der von ihnen hergestellten Produkte Herstellung. Mess- und Probenahmeverfahren sind bei REMATECH gem\u00e4\u00df den Vorschriften standardisiert. Alle Messvorg\u00e4nge werden in den Pr\u00fcfberichten festgehalten. Dar\u00fcber hinaus k\u00f6nnen wir je nach den besonderen Bed\u00fcrfnissen unserer [&hellip;]<\/p>\n","protected":false},"author":1,"featured_media":0,"parent":0,"menu_order":0,"comment_status":"closed","ping_status":"closed","template":"","meta":{"_et_pb_use_builder":"on","_et_pb_old_content":"<!-- wp:divi\/placeholder \/-->","_et_gb_content_width":"","inline_featured_image":false},"yoast_head":"<!-- This site is optimized with the Yoast SEO plugin v20.12 - https:\/\/yoast.com\/wordpress\/plugins\/seo\/ -->\n<title>Qualit\u00e4tskontrolle - ReMa Gy\u00e1rt\u00e1stechnika<\/title>\n<meta name=\"robots\" content=\"index, follow, max-snippet:-1, max-image-preview:large, max-video-preview:-1\" \/>\n<link rel=\"canonical\" href=\"https:\/\/rematech.hu\/de\/qualitatskontrolle\/\" \/>\n<meta property=\"og:locale\" content=\"de_DE\" \/>\n<meta property=\"og:type\" content=\"article\" \/>\n<meta property=\"og:title\" content=\"Qualit\u00e4tskontrolle - ReMa Gy\u00e1rt\u00e1stechnika\" \/>\n<meta property=\"og:description\" content=\"Qualit\u00e4tskontrolleUnsere Mitarbeiter sind echte Profis auf ihrem Gebiet mit langj\u00e4hriger Erfahrung und Maschinenkenntnissen und tragen daher pers\u00f6nlich die Verantwortung f\u00fcr die Qualit\u00e4t der von ihnen hergestellten Produkte Herstellung. Mess- und Probenahmeverfahren sind bei REMATECH gem\u00e4\u00df den Vorschriften standardisiert. Alle Messvorg\u00e4nge werden in den Pr\u00fcfberichten festgehalten. Dar\u00fcber hinaus k\u00f6nnen wir je nach den besonderen Bed\u00fcrfnissen unserer [&hellip;]\" \/>\n<meta property=\"og:url\" content=\"https:\/\/rematech.hu\/de\/qualitatskontrolle\/\" \/>\n<meta property=\"og:site_name\" content=\"ReMa Gy\u00e1rt\u00e1stechnika\" \/>\n<meta property=\"article:modified_time\" content=\"2024-02-06T14:52:43+00:00\" \/>\n<meta name=\"twitter:card\" content=\"summary_large_image\" \/>\n<meta name=\"twitter:label1\" content=\"Gesch\u00e4tzte Lesezeit\" \/>\n\t<meta name=\"twitter:data1\" content=\"2 Minuten\" \/>\n<script type=\"application\/ld+json\" class=\"yoast-schema-graph\">{\"@context\":\"https:\/\/schema.org\",\"@graph\":[{\"@type\":\"WebPage\",\"@id\":\"https:\/\/rematech.hu\/de\/qualitatskontrolle\/\",\"url\":\"https:\/\/rematech.hu\/de\/qualitatskontrolle\/\",\"name\":\"Qualit\u00e4tskontrolle - ReMa Gy\u00e1rt\u00e1stechnika\",\"isPartOf\":{\"@id\":\"https:\/\/rematech.hu\/de\/#website\"},\"datePublished\":\"2023-07-31T11:05:14+00:00\",\"dateModified\":\"2024-02-06T14:52:43+00:00\",\"breadcrumb\":{\"@id\":\"https:\/\/rematech.hu\/de\/qualitatskontrolle\/#breadcrumb\"},\"inLanguage\":\"de-DE\",\"potentialAction\":[{\"@type\":\"ReadAction\",\"target\":[\"https:\/\/rematech.hu\/de\/qualitatskontrolle\/\"]}]},{\"@type\":\"BreadcrumbList\",\"@id\":\"https:\/\/rematech.hu\/de\/qualitatskontrolle\/#breadcrumb\",\"itemListElement\":[{\"@type\":\"ListItem\",\"position\":1,\"name\":\"Kezd\u0151lap\",\"item\":\"https:\/\/rematech.hu\/de\/\"},{\"@type\":\"ListItem\",\"position\":2,\"name\":\"Qualit\u00e4tskontrolle\"}]},{\"@type\":\"WebSite\",\"@id\":\"https:\/\/rematech.hu\/de\/#website\",\"url\":\"https:\/\/rematech.hu\/de\/\",\"name\":\"REMATECH Hung\u00e1ria\",\"description\":\"M\u00e9rn\u00f6ki precizit\u00e1s, min\u0151s\u00e9g, gy\u00e1rt\u00e1s\",\"publisher\":{\"@id\":\"https:\/\/rematech.hu\/de\/#organization\"},\"potentialAction\":[{\"@type\":\"SearchAction\",\"target\":{\"@type\":\"EntryPoint\",\"urlTemplate\":\"https:\/\/rematech.hu\/de\/?s={search_term_string}\"},\"query-input\":\"required name=search_term_string\"}],\"inLanguage\":\"de-DE\"},{\"@type\":\"Organization\",\"@id\":\"https:\/\/rematech.hu\/de\/#organization\",\"name\":\"REMATECH Hung\u00e1ria\",\"url\":\"https:\/\/rematech.hu\/de\/\",\"logo\":{\"@type\":\"ImageObject\",\"inLanguage\":\"de-DE\",\"@id\":\"https:\/\/rematech.hu\/de\/#\/schema\/logo\/image\/\",\"url\":\"https:\/\/rematech.hu\/wp-content\/uploads\/2023\/08\/cropped-logo-fav.png\",\"contentUrl\":\"https:\/\/rematech.hu\/wp-content\/uploads\/2023\/08\/cropped-logo-fav.png\",\"width\":512,\"height\":512,\"caption\":\"REMATECH Hung\u00e1ria\"},\"image\":{\"@id\":\"https:\/\/rematech.hu\/de\/#\/schema\/logo\/image\/\"}}]}<\/script>\n<!-- \/ Yoast SEO plugin. -->","yoast_head_json":{"title":"Qualit\u00e4tskontrolle - ReMa Gy\u00e1rt\u00e1stechnika","robots":{"index":"index","follow":"follow","max-snippet":"max-snippet:-1","max-image-preview":"max-image-preview:large","max-video-preview":"max-video-preview:-1"},"canonical":"https:\/\/rematech.hu\/de\/qualitatskontrolle\/","og_locale":"de_DE","og_type":"article","og_title":"Qualit\u00e4tskontrolle - ReMa Gy\u00e1rt\u00e1stechnika","og_description":"Qualit\u00e4tskontrolleUnsere Mitarbeiter sind echte Profis auf ihrem Gebiet mit langj\u00e4hriger Erfahrung und Maschinenkenntnissen und tragen daher pers\u00f6nlich die Verantwortung f\u00fcr die Qualit\u00e4t der von ihnen hergestellten Produkte Herstellung. Mess- und Probenahmeverfahren sind bei REMATECH gem\u00e4\u00df den Vorschriften standardisiert. Alle Messvorg\u00e4nge werden in den Pr\u00fcfberichten festgehalten. Dar\u00fcber hinaus k\u00f6nnen wir je nach den besonderen Bed\u00fcrfnissen unserer [&hellip;]","og_url":"https:\/\/rematech.hu\/de\/qualitatskontrolle\/","og_site_name":"ReMa Gy\u00e1rt\u00e1stechnika","article_modified_time":"2024-02-06T14:52:43+00:00","twitter_card":"summary_large_image","twitter_misc":{"Gesch\u00e4tzte Lesezeit":"2 Minuten"},"schema":{"@context":"https:\/\/schema.org","@graph":[{"@type":"WebPage","@id":"https:\/\/rematech.hu\/de\/qualitatskontrolle\/","url":"https:\/\/rematech.hu\/de\/qualitatskontrolle\/","name":"Qualit\u00e4tskontrolle - ReMa Gy\u00e1rt\u00e1stechnika","isPartOf":{"@id":"https:\/\/rematech.hu\/de\/#website"},"datePublished":"2023-07-31T11:05:14+00:00","dateModified":"2024-02-06T14:52:43+00:00","breadcrumb":{"@id":"https:\/\/rematech.hu\/de\/qualitatskontrolle\/#breadcrumb"},"inLanguage":"de-DE","potentialAction":[{"@type":"ReadAction","target":["https:\/\/rematech.hu\/de\/qualitatskontrolle\/"]}]},{"@type":"BreadcrumbList","@id":"https:\/\/rematech.hu\/de\/qualitatskontrolle\/#breadcrumb","itemListElement":[{"@type":"ListItem","position":1,"name":"Kezd\u0151lap","item":"https:\/\/rematech.hu\/de\/"},{"@type":"ListItem","position":2,"name":"Qualit\u00e4tskontrolle"}]},{"@type":"WebSite","@id":"https:\/\/rematech.hu\/de\/#website","url":"https:\/\/rematech.hu\/de\/","name":"REMATECH Hung\u00e1ria","description":"M\u00e9rn\u00f6ki precizit\u00e1s, min\u0151s\u00e9g, gy\u00e1rt\u00e1s","publisher":{"@id":"https:\/\/rematech.hu\/de\/#organization"},"potentialAction":[{"@type":"SearchAction","target":{"@type":"EntryPoint","urlTemplate":"https:\/\/rematech.hu\/de\/?s={search_term_string}"},"query-input":"required name=search_term_string"}],"inLanguage":"de-DE"},{"@type":"Organization","@id":"https:\/\/rematech.hu\/de\/#organization","name":"REMATECH Hung\u00e1ria","url":"https:\/\/rematech.hu\/de\/","logo":{"@type":"ImageObject","inLanguage":"de-DE","@id":"https:\/\/rematech.hu\/de\/#\/schema\/logo\/image\/","url":"https:\/\/rematech.hu\/wp-content\/uploads\/2023\/08\/cropped-logo-fav.png","contentUrl":"https:\/\/rematech.hu\/wp-content\/uploads\/2023\/08\/cropped-logo-fav.png","width":512,"height":512,"caption":"REMATECH Hung\u00e1ria"},"image":{"@id":"https:\/\/rematech.hu\/de\/#\/schema\/logo\/image\/"}}]}},"_links":{"self":[{"href":"https:\/\/rematech.hu\/de\/wp-json\/wp\/v2\/pages\/611"}],"collection":[{"href":"https:\/\/rematech.hu\/de\/wp-json\/wp\/v2\/pages"}],"about":[{"href":"https:\/\/rematech.hu\/de\/wp-json\/wp\/v2\/types\/page"}],"author":[{"embeddable":true,"href":"https:\/\/rematech.hu\/de\/wp-json\/wp\/v2\/users\/1"}],"replies":[{"embeddable":true,"href":"https:\/\/rematech.hu\/de\/wp-json\/wp\/v2\/comments?post=611"}],"version-history":[{"count":7,"href":"https:\/\/rematech.hu\/de\/wp-json\/wp\/v2\/pages\/611\/revisions"}],"predecessor-version":[{"id":722,"href":"https:\/\/rematech.hu\/de\/wp-json\/wp\/v2\/pages\/611\/revisions\/722"}],"wp:attachment":[{"href":"https:\/\/rematech.hu\/de\/wp-json\/wp\/v2\/media?parent=611"}],"curies":[{"name":"wp","href":"https:\/\/api.w.org\/{rel}","templated":true}]}}