{"id":630,"date":"2023-07-31T12:38:01","date_gmt":"2023-07-31T10:38:01","guid":{"rendered":"https:\/\/rematech.hu\/fooldal\/"},"modified":"2023-11-09T14:30:24","modified_gmt":"2023-11-09T13:30:24","slug":"fooldal","status":"publish","type":"page","link":"https:\/\/rematech.hu\/de\/","title":{"rendered":"Hauptseite"},"content":{"rendered":"<p>[et_pb_section fb_built=&#8220;1&#8243; fullwidth=&#8220;on&#8220; _builder_version=&#8220;4.19.4&#8243; _module_preset=&#8220;default&#8220; border_color_bottom=&#8220;gcid-c579a738-9aa4-4f42-b6dd-ef01e16da330&#8243; global_colors_info=&#8220;{%22gcid-c579a738-9aa4-4f42-b6dd-ef01e16da330%22:%91%22border_color_bottom%22%93}&#8220;][et_pb_fullwidth_slider arrows_custom_color=&#8220;gcid-10430d8d-c126-42ec-83bd-1556bd88e98f&#8220; _builder_version=&#8220;4.19.4&#8243; _module_preset=&#8220;default&#8220; header_font=&#8220;Inter|300||on|||||&#8220; header_text_align=&#8220;center&#8220; header_text_color=&#8220;#FFFFFF&#8220; header_font_size=&#8220;96px&#8220; custom_button=&#8220;on&#8220; button_text_size=&#8220;14px&#8220; button_font=&#8220;|600|||||||&#8220; button_use_icon=&#8220;off&#8220; button_alignment=&#8220;center&#8220; button_custom_padding=&#8220;1em|2.5em|1em|2.5em|true|true&#8220; header_font_size_tablet=&#8220;72px&#8220; header_font_size_phone=&#8220;36px&#8220; header_font_size_last_edited=&#8220;on|desktop&#8220; button_text_size_tablet=&#8220;13px&#8220; button_text_size_phone=&#8220;12px&#8220; button_text_size_last_edited=&#8220;on|desktop&#8220; header_text_shadow_style=&#8220;preset3&#8243; header_text_shadow_color=&#8220;rgba(0,0,0,0.2)&#8220; global_colors_info=&#8220;{%22gcid-10430d8d-c126-42ec-83bd-1556bd88e98f%22:%91%22arrows_custom_color%22%93}&#8220;][et_pb_slide heading=&#8220;Getriebe&#8220; button_text=&#8220;Angebot anfordern&#8220; button_link=&#8220;\/kontakt\/&#8220; _builder_version=&#8220;4.19.4&#8243; _module_preset=&#8220;default&#8220; background_enable_color=&#8220;off&#8220; use_background_color_gradient=&#8220;on&#8220; background_color_gradient_stops=&#8220;rgba(85,85,85,0.3) 0%|rgba(85,85,85,0.3) 100%&#8220; background_color_gradient_overlays_image=&#8220;on&#8220; background_image=&#8220;http:\/\/rematech.hu\/wp-content\/uploads\/2023\/07\/hajtomu.jpg&#8220; background_enable_image=&#8220;on&#8220; global_colors_info=&#8220;{}&#8220; sticky_transition=&#8220;on&#8220;][\/et_pb_slide][et_pb_slide heading=&#8220;Maschinenteile&#8220; button_text=&#8220;Angebot anfordern&#8220; button_link=&#8220;\/kontakt\/&#8220; _builder_version=&#8220;4.19.4&#8243; _module_preset=&#8220;default&#8220; background_enable_color=&#8220;off&#8220; use_background_color_gradient=&#8220;on&#8220; background_color_gradient_stops=&#8220;rgba(85,85,85,0.3) 0%|rgba(85,85,85,0.3) 100%&#8220; background_color_gradient_overlays_image=&#8220;on&#8220; background_image=&#8220;http:\/\/rematech.hu\/wp-content\/uploads\/2023\/07\/gepelemek.jpg&#8220; background_enable_image=&#8220;on&#8220; global_colors_info=&#8220;{}&#8220; sticky_transition=&#8220;on&#8220;][\/et_pb_slide][et_pb_slide heading=&#8220;Einheiten&#8220; button_text=&#8220;Angebot anfordern&#8220; button_link=&#8220;\/kontakt\/&#8220; _builder_version=&#8220;4.19.4&#8243; _module_preset=&#8220;default&#8220; background_enable_color=&#8220;off&#8220; use_background_color_gradient=&#8220;on&#8220; background_color_gradient_stops=&#8220;rgba(85,85,85,0.3) 0%|rgba(85,85,85,0.3) 100%&#8220; background_color_gradient_overlays_image=&#8220;on&#8220; background_image=&#8220;http:\/\/rematech.hu\/wp-content\/uploads\/2023\/07\/szerelt_egysegek.jpg&#8220; background_enable_image=&#8220;on&#8220; global_colors_info=&#8220;{}&#8220; sticky_transition=&#8220;on&#8220;][\/et_pb_slide][et_pb_slide heading=&#8220;Produktion&#8220; button_text=&#8220;Angebot anfodern&#8220; button_link=&#8220;\/kontakt\/&#8220; _builder_version=&#8220;4.19.4&#8243; _module_preset=&#8220;default&#8220; background_enable_color=&#8220;off&#8220; use_background_color_gradient=&#8220;on&#8220; background_color_gradient_stops=&#8220;rgba(85,85,85,0.3) 0%|rgba(85,85,85,0.3) 100%&#8220; background_color_gradient_overlays_image=&#8220;on&#8220; background_image=&#8220;http:\/\/rematech.hu\/wp-content\/uploads\/2023\/07\/egyedi_gyartas.jpg&#8220; background_enable_image=&#8220;on&#8220; global_colors_info=&#8220;{}&#8220; sticky_transition=&#8220;on&#8220;][\/et_pb_slide][\/et_pb_fullwidth_slider][\/et_pb_section][et_pb_section fb_built=&#8220;1&#8243; _builder_version=&#8220;4.19.4&#8243; _module_preset=&#8220;default&#8220; global_colors_info=&#8220;{}&#8220;][et_pb_row _builder_version=&#8220;4.19.4&#8243; _module_preset=&#8220;default&#8220; global_colors_info=&#8220;{}&#8220;][et_pb_column type=&#8220;4_4&#8243; _builder_version=&#8220;4.19.4&#8243; _module_preset=&#8220;default&#8220; global_colors_info=&#8220;{}&#8220;][et_pb_text _builder_version=&#8220;4.19.4&#8243; _module_preset=&#8220;default&#8220; header_2_font=&#8220;|300||on|||||&#8220; header_2_text_align=&#8220;center&#8220; header_2_text_color=&#8220;gcid-10430d8d-c126-42ec-83bd-1556bd88e98f&#8220; header_2_font_size=&#8220;30px&#8220; header_2_font_size_tablet=&#8220;28px&#8220; header_2_font_size_phone=&#8220;18px&#8220; header_2_font_size_last_edited=&#8220;on|desktop&#8220; global_colors_info=&#8220;{%22gcid-10430d8d-c126-42ec-83bd-1556bd88e98f%22:%91%22header_2_text_color%22%93}&#8220;]<\/p>\n<h2>Bewerbung f\u00fcr Sz\u00e9chenyi 2020<\/h2>\n<p>[\/et_pb_text][\/et_pb_column][\/et_pb_row][et_pb_row column_structure=&#8220;1_2,1_2&#8243; use_custom_gutter=&#8220;on&#8220; gutter_width=&#8220;4&#8243; _builder_version=&#8220;4.19.4&#8243; _module_preset=&#8220;default&#8220; global_colors_info=&#8220;{}&#8220;][et_pb_column type=&#8220;1_2&#8243; _builder_version=&#8220;4.19.4&#8243; _module_preset=&#8220;default&#8220; global_colors_info=&#8220;{}&#8220;][et_pb_image src=&#8220;http:\/\/rematech.hu\/wp-content\/uploads\/2023\/11\/ginop-palyazat.png&#8220; alt=&#8220;Sz\u00e9chenyi 2020 P\u00e1ly\u00e1zat&#8220; title_text=&#8220;ginop-palyazat&#8220; align=&#8220;center&#8220; _builder_version=&#8220;4.19.4&#8243; _module_preset=&#8220;default&#8220; max_height=&#8220;420px&#8220; hover_enabled=&#8220;0&#8243; global_colors_info=&#8220;{}&#8220; sticky_enabled=&#8220;0&#8243;][\/et_pb_image][\/et_pb_column][et_pb_column type=&#8220;1_2&#8243; _builder_version=&#8220;4.19.4&#8243; _module_preset=&#8220;default&#8220; global_colors_info=&#8220;{}&#8220;][et_pb_text _builder_version=&#8220;4.19.4&#8243; _module_preset=&#8220;default&#8220; text_font=&#8220;Inter||||||||&#8220; text_text_color=&#8220;gcid-f8319135-712e-4f6a-8a1b-39b4c5b7bfda&#8220; hover_enabled=&#8220;0&#8243; global_colors_info=&#8220;{%22gcid-f8319135-712e-4f6a-8a1b-39b4c5b7bfda%22:%91%22text_text_color%22%93}&#8220; custom_padding=&#8220;10vh||||false|false&#8220; custom_padding_last_edited=&#8220;on|tablet&#8220; sticky_enabled=&#8220;0&#8243; custom_padding_tablet=&#8220;0vh||||false|false&#8220; custom_padding_phone=&#8220;0vh||||false|false&#8220;]| Wir danken dem ungarischen Staat und der Europ\u00e4ischen Union f\u00fcr ihre Unterst\u00fctzung.<\/p>\n<p>REMATECH HUNGARY Kft.<\/p>\n<p><strong>Kreditprogramm zur technologischen Modernisierung von Kleinst-, Klein- und Mittelunternehmen, Umlaufverm\u00f6gen, Kredit<\/strong><\/p>\n<p>R\u00dcCKZAHLBARER KREDITBETRAG:<\/p>\n<p><strong><span style=\"color: #4c82e5;\">25 MILLIONEN HUF<\/span><\/strong><\/p>\n<p>Projektidentifikationsnummer: GINOP-8.3.5-18\/B[\/et_pb_text][\/et_pb_column][\/et_pb_row][et_pb_row column_structure=&#8220;1_3,1_3,1_3&#8243; _builder_version=&#8220;4.19.4&#8243; _module_preset=&#8220;default&#8220; global_colors_info=&#8220;{}&#8220;][et_pb_column type=&#8220;1_3&#8243; _builder_version=&#8220;4.19.4&#8243; _module_preset=&#8220;default&#8220; global_colors_info=&#8220;{}&#8220;][et_pb_slider module_class=&#8220;wb-featured-box&#8220; _builder_version=&#8220;4.19.4&#8243; _module_preset=&#8220;default&#8220; header_text_shadow_style=&#8220;preset3&#8243; header_text_shadow_color=&#8220;rgba(0,0,0,0.2)&#8220; global_colors_info=&#8220;{}&#8220;][et_pb_slide heading=&#8220;Produkte&#8220; _builder_version=&#8220;4.19.4&#8243; _module_preset=&#8220;default&#8220; header_level=&#8220;h3&#8243; header_font=&#8220;Inter|||on|||||&#8220; header_text_align=&#8220;center&#8220; header_text_color=&#8220;#FFFFFF&#8220; header_font_size=&#8220;22px&#8220; background_enable_color=&#8220;off&#8220; background_image=&#8220;http:\/\/rematech.hu\/wp-content\/uploads\/2023\/07\/banner_termekek.jpg&#8220; background_enable_image=&#8220;on&#8220; link_option_url=&#8220;\/de\/produkte\/&#8220; header_font_size_tablet=&#8220;23px&#8220; header_font_size_phone=&#8220;18px&#8220; header_font_size_last_edited=&#8220;on|phone&#8220; global_colors_info=&#8220;{}&#8220; sticky_transition=&#8220;on&#8220;][\/et_pb_slide][\/et_pb_slider][\/et_pb_column][et_pb_column type=&#8220;1_3&#8243; _builder_version=&#8220;4.19.4&#8243; _module_preset=&#8220;default&#8220; global_colors_info=&#8220;{}&#8220;][et_pb_slider module_class=&#8220;wb-featured-box&#8220; _builder_version=&#8220;4.19.4&#8243; _module_preset=&#8220;default&#8220; header_text_shadow_style=&#8220;preset3&#8243; header_text_shadow_color=&#8220;rgba(0,0,0,0.2)&#8220; global_colors_info=&#8220;{}&#8220;][et_pb_slide heading=&#8220;Maschinen&#8220; _builder_version=&#8220;4.19.4&#8243; _module_preset=&#8220;default&#8220; header_level=&#8220;h3&#8243; header_font=&#8220;Inter|||on|||||&#8220; header_text_align=&#8220;center&#8220; header_text_color=&#8220;#FFFFFF&#8220; header_font_size=&#8220;22px&#8220; background_enable_color=&#8220;off&#8220; background_image=&#8220;http:\/\/rematech.hu\/wp-content\/uploads\/2023\/07\/banner_termekek.jpg&#8220; background_enable_image=&#8220;on&#8220; link_option_url=&#8220;\/de\/maschinen\/&#8220; header_font_size_tablet=&#8220;23px&#8220; header_font_size_phone=&#8220;18px&#8220; header_font_size_last_edited=&#8220;on|phone&#8220; global_colors_info=&#8220;{}&#8220; sticky_transition=&#8220;on&#8220;][\/et_pb_slide][\/et_pb_slider][\/et_pb_column][et_pb_column type=&#8220;1_3&#8243; _builder_version=&#8220;4.19.4&#8243; _module_preset=&#8220;default&#8220; global_colors_info=&#8220;{}&#8220;][et_pb_slider module_class=&#8220;wb-featured-box&#8220; _builder_version=&#8220;4.19.4&#8243; _module_preset=&#8220;default&#8220; header_text_shadow_style=&#8220;preset3&#8243; header_text_shadow_color=&#8220;rgba(0,0,0,0.2)&#8220; global_colors_info=&#8220;{}&#8220;][et_pb_slide heading=&#8220;Qualit\u00e4tskontrolle&#8220; _builder_version=&#8220;4.19.4&#8243; _module_preset=&#8220;default&#8220; header_level=&#8220;h3&#8243; header_font=&#8220;Inter|||on|||||&#8220; header_text_align=&#8220;center&#8220; header_text_color=&#8220;#FFFFFF&#8220; header_font_size=&#8220;22px&#8220; background_enable_color=&#8220;off&#8220; background_image=&#8220;http:\/\/rematech.hu\/wp-content\/uploads\/2023\/07\/banner_termekek.jpg&#8220; background_enable_image=&#8220;on&#8220; link_option_url=&#8220;\/de\/qualitatskontrolle\/&#8220; header_font_size_tablet=&#8220;23px&#8220; header_font_size_phone=&#8220;18px&#8220; header_font_size_last_edited=&#8220;on|desktop&#8220; global_colors_info=&#8220;{}&#8220; sticky_transition=&#8220;on&#8220;][\/et_pb_slide][\/et_pb_slider][\/et_pb_column][\/et_pb_row][et_pb_row _builder_version=&#8220;4.19.4&#8243; _module_preset=&#8220;default&#8220; global_colors_info=&#8220;{}&#8220;][et_pb_column type=&#8220;4_4&#8243; _builder_version=&#8220;4.19.4&#8243; _module_preset=&#8220;default&#8220; global_colors_info=&#8220;{}&#8220;][et_pb_text _builder_version=&#8220;4.19.4&#8243; _module_preset=&#8220;default&#8220; header_2_font=&#8220;|300||on|||||&#8220; header_2_text_align=&#8220;center&#8220; header_2_text_color=&#8220;gcid-10430d8d-c126-42ec-83bd-1556bd88e98f&#8220; header_2_font_size=&#8220;30px&#8220; header_2_font_size_tablet=&#8220;28px&#8220; header_2_font_size_phone=&#8220;18px&#8220; header_2_font_size_last_edited=&#8220;on|desktop&#8220; global_colors_info=&#8220;{%22gcid-10430d8d-c126-42ec-83bd-1556bd88e98f%22:%91%22header_2_text_color%22%93}&#8220;]<\/p>\n<h2>Referenzprodukte<\/h2>\n<p>[\/et_pb_text][\/et_pb_column][\/et_pb_row][et_pb_row column_structure=&#8220;1_4,1_4,1_4,1_4&#8243; _builder_version=&#8220;4.19.4&#8243; _module_preset=&#8220;default&#8220; global_colors_info=&#8220;{}&#8220;][et_pb_column type=&#8220;1_4&#8243; _builder_version=&#8220;4.19.4&#8243; _module_preset=&#8220;default&#8220; global_colors_info=&#8220;{}&#8220;][et_pb_image src=&#8220;http:\/\/rematech.hu\/wp-content\/uploads\/2023\/07\/termek_1.jpg&#8220; alt=&#8220;Referencia term\u00e9k&#8220; title_text=&#8220;Referencia term\u00e9k&#8220; _builder_version=&#8220;4.19.4&#8243; _module_preset=&#8220;default&#8220; global_colors_info=&#8220;{}&#8220;][\/et_pb_image][\/et_pb_column][et_pb_column type=&#8220;1_4&#8243; _builder_version=&#8220;4.19.4&#8243; _module_preset=&#8220;default&#8220; global_colors_info=&#8220;{}&#8220;][et_pb_image src=&#8220;http:\/\/rematech.hu\/wp-content\/uploads\/2023\/07\/termek_2.jpg&#8220; alt=&#8220;Referencia term\u00e9k&#8220; title_text=&#8220;Referencia term\u00e9k&#8220; _builder_version=&#8220;4.19.4&#8243; _module_preset=&#8220;default&#8220; global_colors_info=&#8220;{}&#8220;][\/et_pb_image][\/et_pb_column][et_pb_column type=&#8220;1_4&#8243; _builder_version=&#8220;4.19.4&#8243; _module_preset=&#8220;default&#8220; global_colors_info=&#8220;{}&#8220;][et_pb_image src=&#8220;http:\/\/rematech.hu\/wp-content\/uploads\/2023\/07\/termek_3.jpg&#8220; alt=&#8220;Referencia term\u00e9k&#8220; title_text=&#8220;Referencia term\u00e9k&#8220; _builder_version=&#8220;4.19.4&#8243; _module_preset=&#8220;default&#8220; global_colors_info=&#8220;{}&#8220;][\/et_pb_image][\/et_pb_column][et_pb_column type=&#8220;1_4&#8243; _builder_version=&#8220;4.19.4&#8243; _module_preset=&#8220;default&#8220; global_colors_info=&#8220;{}&#8220;][et_pb_image src=&#8220;http:\/\/rematech.hu\/wp-content\/uploads\/2023\/07\/termek_4.jpg&#8220; alt=&#8220;Referencia term\u00e9k&#8220; title_text=&#8220;Referencia term\u00e9k&#8220; _builder_version=&#8220;4.19.4&#8243; _module_preset=&#8220;default&#8220; global_colors_info=&#8220;{}&#8220;][\/et_pb_image][\/et_pb_column][\/et_pb_row][et_pb_row _builder_version=&#8220;4.19.4&#8243; _module_preset=&#8220;default&#8220; global_colors_info=&#8220;{}&#8220;][et_pb_column type=&#8220;4_4&#8243; _builder_version=&#8220;4.19.4&#8243; _module_preset=&#8220;default&#8220; global_colors_info=&#8220;{}&#8220;][et_pb_text _builder_version=&#8220;4.19.4&#8243; _module_preset=&#8220;default&#8220; header_2_font=&#8220;|300||on|||||&#8220; header_2_text_align=&#8220;center&#8220; header_2_text_color=&#8220;gcid-10430d8d-c126-42ec-83bd-1556bd88e98f&#8220; header_2_font_size=&#8220;30px&#8220; header_2_font_size_tablet=&#8220;28px&#8220; header_2_font_size_phone=&#8220;18px&#8220; header_2_font_size_last_edited=&#8220;on|desktop&#8220; global_colors_info=&#8220;{%22gcid-10430d8d-c126-42ec-83bd-1556bd88e98f%22:%91%22header_2_text_color%22%93}&#8220;]<\/p>\n<h2>Unsere Partner<\/h2>\n<p>[\/et_pb_text][\/et_pb_column][\/et_pb_row][et_pb_row column_structure=&#8220;1_3,1_3,1_3&#8243; _builder_version=&#8220;4.19.4&#8243; _module_preset=&#8220;default&#8220; global_colors_info=&#8220;{}&#8220;][et_pb_column type=&#8220;1_3&#8243; _builder_version=&#8220;4.19.4&#8243; _module_preset=&#8220;default&#8220; global_colors_info=&#8220;{}&#8220;][et_pb_image src=&#8220;http:\/\/rematech.hu\/wp-content\/uploads\/2023\/07\/logo_ktr.jpg&#8220; alt=&#8220;KTR&#8220; title_text=&#8220;KTR&#8220; url=&#8220;https:\/\/www.ktr.com\/&#8220; url_new_window=&#8220;on&#8220; align=&#8220;center&#8220; _builder_version=&#8220;4.19.4&#8243; _module_preset=&#8220;default&#8220; global_colors_info=&#8220;{}&#8220;][\/et_pb_image][\/et_pb_column][et_pb_column type=&#8220;1_3&#8243; _builder_version=&#8220;4.19.4&#8243; _module_preset=&#8220;default&#8220; global_colors_info=&#8220;{}&#8220;][et_pb_image src=&#8220;http:\/\/rematech.hu\/wp-content\/uploads\/2023\/07\/logo_rema.jpg&#8220; alt=&#8220;ReMa Gy\u00e1rt\u00e1stechnika&#8220; title_text=&#8220;ReMa Gy\u00e1rt\u00e1stechnika&#8220; url=&#8220;https:\/\/remakft.hu\/&#8220; url_new_window=&#8220;on&#8220; align=&#8220;center&#8220; _builder_version=&#8220;4.19.4&#8243; _module_preset=&#8220;default&#8220; global_colors_info=&#8220;{}&#8220;][\/et_pb_image][\/et_pb_column][et_pb_column type=&#8220;1_3&#8243; _builder_version=&#8220;4.19.4&#8243; _module_preset=&#8220;default&#8220; global_colors_info=&#8220;{}&#8220;][et_pb_image src=&#8220;http:\/\/rematech.hu\/wp-content\/uploads\/2023\/07\/logo_ringspann_de.jpg&#8220; alt=&#8220;Ringspann Gmbh&#8220; title_text=&#8220;Ringspann Gmbh&#8220; url=&#8220;https:\/\/www.ringspann.de\/de&#8220; url_new_window=&#8220;on&#8220; align=&#8220;center&#8220; _builder_version=&#8220;4.19.4&#8243; _module_preset=&#8220;default&#8220; global_colors_info=&#8220;{}&#8220;][\/et_pb_image][\/et_pb_column][\/et_pb_row][\/et_pb_section]<\/p>\n","protected":false},"excerpt":{"rendered":"<p>Bewerbung f\u00fcr Sz\u00e9chenyi 2020| Wir danken dem ungarischen Staat und der Europ\u00e4ischen Union f\u00fcr ihre Unterst\u00fctzung. REMATECH HUNGARY Kft. Kreditprogramm zur technologischen Modernisierung von Kleinst-, Klein- und Mittelunternehmen, Umlaufverm\u00f6gen, Kredit R\u00dcCKZAHLBARER KREDITBETRAG: 25 MILLIONEN HUF Projektidentifikationsnummer: GINOP-8.3.5-18\/BReferenzprodukteUnsere Partner<\/p>\n","protected":false},"author":1,"featured_media":0,"parent":0,"menu_order":0,"comment_status":"closed","ping_status":"closed","template":"","meta":{"_et_pb_use_builder":"on","_et_pb_old_content":"","_et_gb_content_width":"","inline_featured_image":false},"yoast_head":"<!-- This site is optimized with the Yoast SEO plugin v20.12 - https:\/\/yoast.com\/wordpress\/plugins\/seo\/ -->\n<title>Hauptseite - ReMa Gy\u00e1rt\u00e1stechnika<\/title>\n<meta name=\"robots\" content=\"index, follow, max-snippet:-1, max-image-preview:large, max-video-preview:-1\" \/>\n<link rel=\"canonical\" href=\"https:\/\/rematech.hu\/de\/\" \/>\n<meta property=\"og:locale\" content=\"de_DE\" \/>\n<meta property=\"og:type\" content=\"article\" \/>\n<meta property=\"og:title\" content=\"Hauptseite - ReMa Gy\u00e1rt\u00e1stechnika\" \/>\n<meta property=\"og:description\" content=\"Bewerbung f\u00fcr Sz\u00e9chenyi 2020| Wir danken dem ungarischen Staat und der Europ\u00e4ischen Union f\u00fcr ihre Unterst\u00fctzung. REMATECH HUNGARY Kft. Kreditprogramm zur technologischen Modernisierung von Kleinst-, Klein- und Mittelunternehmen, Umlaufverm\u00f6gen, Kredit R\u00dcCKZAHLBARER KREDITBETRAG: 25 MILLIONEN HUF Projektidentifikationsnummer: GINOP-8.3.5-18\/BReferenzprodukteUnsere Partner\" \/>\n<meta property=\"og:url\" content=\"https:\/\/rematech.hu\/de\/\" \/>\n<meta property=\"og:site_name\" content=\"ReMa Gy\u00e1rt\u00e1stechnika\" \/>\n<meta property=\"article:modified_time\" content=\"2023-11-09T13:30:24+00:00\" \/>\n<meta name=\"twitter:card\" content=\"summary_large_image\" \/>\n<meta name=\"twitter:label1\" content=\"Gesch\u00e4tzte Lesezeit\" \/>\n\t<meta name=\"twitter:data1\" content=\"3 Minuten\" \/>\n<script type=\"application\/ld+json\" class=\"yoast-schema-graph\">{\"@context\":\"https:\/\/schema.org\",\"@graph\":[{\"@type\":\"WebPage\",\"@id\":\"https:\/\/rematech.hu\/de\/\",\"url\":\"https:\/\/rematech.hu\/de\/\",\"name\":\"Hauptseite - ReMa Gy\u00e1rt\u00e1stechnika\",\"isPartOf\":{\"@id\":\"https:\/\/rematech.hu\/de\/#website\"},\"datePublished\":\"2023-07-31T10:38:01+00:00\",\"dateModified\":\"2023-11-09T13:30:24+00:00\",\"breadcrumb\":{\"@id\":\"https:\/\/rematech.hu\/de\/#breadcrumb\"},\"inLanguage\":\"de-DE\",\"potentialAction\":[{\"@type\":\"ReadAction\",\"target\":[\"https:\/\/rematech.hu\/de\/\"]}]},{\"@type\":\"BreadcrumbList\",\"@id\":\"https:\/\/rematech.hu\/de\/#breadcrumb\",\"itemListElement\":[{\"@type\":\"ListItem\",\"position\":1,\"name\":\"Kezd\u0151lap\",\"item\":\"https:\/\/rematech.hu\/de\/\"},{\"@type\":\"ListItem\",\"position\":2,\"name\":\"Hauptseite\"}]},{\"@type\":\"WebSite\",\"@id\":\"https:\/\/rematech.hu\/de\/#website\",\"url\":\"https:\/\/rematech.hu\/de\/\",\"name\":\"REMATECH Hung\u00e1ria\",\"description\":\"M\u00e9rn\u00f6ki precizit\u00e1s, min\u0151s\u00e9g, gy\u00e1rt\u00e1s\",\"publisher\":{\"@id\":\"https:\/\/rematech.hu\/de\/#organization\"},\"potentialAction\":[{\"@type\":\"SearchAction\",\"target\":{\"@type\":\"EntryPoint\",\"urlTemplate\":\"https:\/\/rematech.hu\/de\/?s={search_term_string}\"},\"query-input\":\"required name=search_term_string\"}],\"inLanguage\":\"de-DE\"},{\"@type\":\"Organization\",\"@id\":\"https:\/\/rematech.hu\/de\/#organization\",\"name\":\"REMATECH Hung\u00e1ria\",\"url\":\"https:\/\/rematech.hu\/de\/\",\"logo\":{\"@type\":\"ImageObject\",\"inLanguage\":\"de-DE\",\"@id\":\"https:\/\/rematech.hu\/de\/#\/schema\/logo\/image\/\",\"url\":\"https:\/\/rematech.hu\/wp-content\/uploads\/2023\/08\/cropped-logo-fav.png\",\"contentUrl\":\"https:\/\/rematech.hu\/wp-content\/uploads\/2023\/08\/cropped-logo-fav.png\",\"width\":512,\"height\":512,\"caption\":\"REMATECH Hung\u00e1ria\"},\"image\":{\"@id\":\"https:\/\/rematech.hu\/de\/#\/schema\/logo\/image\/\"}}]}<\/script>\n<!-- \/ Yoast SEO plugin. -->","yoast_head_json":{"title":"Hauptseite - ReMa Gy\u00e1rt\u00e1stechnika","robots":{"index":"index","follow":"follow","max-snippet":"max-snippet:-1","max-image-preview":"max-image-preview:large","max-video-preview":"max-video-preview:-1"},"canonical":"https:\/\/rematech.hu\/de\/","og_locale":"de_DE","og_type":"article","og_title":"Hauptseite - ReMa Gy\u00e1rt\u00e1stechnika","og_description":"Bewerbung f\u00fcr Sz\u00e9chenyi 2020| Wir danken dem ungarischen Staat und der Europ\u00e4ischen Union f\u00fcr ihre Unterst\u00fctzung. REMATECH HUNGARY Kft. Kreditprogramm zur technologischen Modernisierung von Kleinst-, Klein- und Mittelunternehmen, Umlaufverm\u00f6gen, Kredit R\u00dcCKZAHLBARER KREDITBETRAG: 25 MILLIONEN HUF Projektidentifikationsnummer: GINOP-8.3.5-18\/BReferenzprodukteUnsere Partner","og_url":"https:\/\/rematech.hu\/de\/","og_site_name":"ReMa Gy\u00e1rt\u00e1stechnika","article_modified_time":"2023-11-09T13:30:24+00:00","twitter_card":"summary_large_image","twitter_misc":{"Gesch\u00e4tzte Lesezeit":"3 Minuten"},"schema":{"@context":"https:\/\/schema.org","@graph":[{"@type":"WebPage","@id":"https:\/\/rematech.hu\/de\/","url":"https:\/\/rematech.hu\/de\/","name":"Hauptseite - ReMa Gy\u00e1rt\u00e1stechnika","isPartOf":{"@id":"https:\/\/rematech.hu\/de\/#website"},"datePublished":"2023-07-31T10:38:01+00:00","dateModified":"2023-11-09T13:30:24+00:00","breadcrumb":{"@id":"https:\/\/rematech.hu\/de\/#breadcrumb"},"inLanguage":"de-DE","potentialAction":[{"@type":"ReadAction","target":["https:\/\/rematech.hu\/de\/"]}]},{"@type":"BreadcrumbList","@id":"https:\/\/rematech.hu\/de\/#breadcrumb","itemListElement":[{"@type":"ListItem","position":1,"name":"Kezd\u0151lap","item":"https:\/\/rematech.hu\/de\/"},{"@type":"ListItem","position":2,"name":"Hauptseite"}]},{"@type":"WebSite","@id":"https:\/\/rematech.hu\/de\/#website","url":"https:\/\/rematech.hu\/de\/","name":"REMATECH Hung\u00e1ria","description":"M\u00e9rn\u00f6ki precizit\u00e1s, min\u0151s\u00e9g, gy\u00e1rt\u00e1s","publisher":{"@id":"https:\/\/rematech.hu\/de\/#organization"},"potentialAction":[{"@type":"SearchAction","target":{"@type":"EntryPoint","urlTemplate":"https:\/\/rematech.hu\/de\/?s={search_term_string}"},"query-input":"required name=search_term_string"}],"inLanguage":"de-DE"},{"@type":"Organization","@id":"https:\/\/rematech.hu\/de\/#organization","name":"REMATECH Hung\u00e1ria","url":"https:\/\/rematech.hu\/de\/","logo":{"@type":"ImageObject","inLanguage":"de-DE","@id":"https:\/\/rematech.hu\/de\/#\/schema\/logo\/image\/","url":"https:\/\/rematech.hu\/wp-content\/uploads\/2023\/08\/cropped-logo-fav.png","contentUrl":"https:\/\/rematech.hu\/wp-content\/uploads\/2023\/08\/cropped-logo-fav.png","width":512,"height":512,"caption":"REMATECH Hung\u00e1ria"},"image":{"@id":"https:\/\/rematech.hu\/de\/#\/schema\/logo\/image\/"}}]}},"_links":{"self":[{"href":"https:\/\/rematech.hu\/de\/wp-json\/wp\/v2\/pages\/630"}],"collection":[{"href":"https:\/\/rematech.hu\/de\/wp-json\/wp\/v2\/pages"}],"about":[{"href":"https:\/\/rematech.hu\/de\/wp-json\/wp\/v2\/types\/page"}],"author":[{"embeddable":true,"href":"https:\/\/rematech.hu\/de\/wp-json\/wp\/v2\/users\/1"}],"replies":[{"embeddable":true,"href":"https:\/\/rematech.hu\/de\/wp-json\/wp\/v2\/comments?post=630"}],"version-history":[{"count":15,"href":"https:\/\/rematech.hu\/de\/wp-json\/wp\/v2\/pages\/630\/revisions"}],"predecessor-version":[{"id":696,"href":"https:\/\/rematech.hu\/de\/wp-json\/wp\/v2\/pages\/630\/revisions\/696"}],"wp:attachment":[{"href":"https:\/\/rematech.hu\/de\/wp-json\/wp\/v2\/media?parent=630"}],"curies":[{"name":"wp","href":"https:\/\/api.w.org\/{rel}","templated":true}]}}